{"id":2411,"date":"2022-02-15T19:23:48","date_gmt":"2022-02-15T17:23:48","guid":{"rendered":"https:\/\/www.ortovins.com\/degustations-interactives\/"},"modified":"2022-02-15T19:23:49","modified_gmt":"2022-02-15T17:23:49","slug":"degustations-interactives","status":"publish","type":"page","link":"https:\/\/www.ortovins.com\/fr\/degustations-interactives\/","title":{"rendered":"D\u00e9gustations interactives"},"content":{"rendered":"\t\t<div data-elementor-type=\"wp-post\" data-elementor-id=\"2411\" class=\"elementor elementor-2411 elementor-2348\" data-elementor-post-type=\"page\">\n\t\t\t\t\t\t<section class=\"elementor-section elementor-top-section elementor-element elementor-element-a65277e elementor-section-boxed elementor-section-height-default elementor-section-height-default\" data-id=\"a65277e\" data-element_type=\"section\" data-e-type=\"section\">\n\t\t\t\t\t\t<div class=\"elementor-container elementor-column-gap-default\">\n\t\t\t\t\t<div class=\"elementor-column elementor-col-100 elementor-top-column elementor-element elementor-element-3e88cea\" data-id=\"3e88cea\" data-element_type=\"column\" data-e-type=\"column\">\n\t\t\t<div class=\"elementor-widget-wrap elementor-element-populated\">\n\t\t\t\t\t\t<div class=\"elementor-element elementor-element-a96757e elementor-widget elementor-widget-heading\" data-id=\"a96757e\" data-element_type=\"widget\" data-e-type=\"widget\" data-widget_type=\"heading.default\">\n\t\t\t\t<div class=\"elementor-widget-container\">\n\t\t\t\t\t<h1 class=\"elementor-heading-title elementor-size-default\">D\u00e9gustations interactives<\/h1>\t\t\t\t<\/div>\n\t\t\t\t<\/div>\n\t\t\t\t\t<\/div>\n\t\t<\/div>\n\t\t\t\t\t<\/div>\n\t\t<\/section>\n\t\t\t\t<section class=\"elementor-section elementor-top-section elementor-element elementor-element-b7ce9da elementor-section-boxed elementor-section-height-default elementor-section-height-default\" data-id=\"b7ce9da\" data-element_type=\"section\" data-e-type=\"section\">\n\t\t\t\t\t\t<div class=\"elementor-container elementor-column-gap-wider\">\n\t\t\t\t\t<div class=\"elementor-column elementor-col-50 elementor-top-column elementor-element elementor-element-5a50004\" data-id=\"5a50004\" data-element_type=\"column\" data-e-type=\"column\">\n\t\t\t<div class=\"elementor-widget-wrap elementor-element-populated\">\n\t\t\t\t\t\t<div class=\"elementor-element elementor-element-5b1d01b elementor-widget elementor-widget-image\" data-id=\"5b1d01b\" data-element_type=\"widget\" data-e-type=\"widget\" data-widget_type=\"image.default\">\n\t\t\t\t<div class=\"elementor-widget-container\">\n\t\t\t\t\t\t\t\t\t\t\t\t\t\t\t<img fetchpriority=\"high\" decoding=\"async\" width=\"1024\" height=\"279\" src=\"https:\/\/www.ortovins.com\/wp-content\/uploads\/2022\/02\/Blanc-dOrto-sense-fons-1024x279.png\" class=\"attachment-large size-large wp-image-2385\" alt=\"\" srcset=\"https:\/\/www.ortovins.com\/wp-content\/uploads\/2022\/02\/Blanc-dOrto-sense-fons-1024x279.png 1024w, https:\/\/www.ortovins.com\/wp-content\/uploads\/2022\/02\/Blanc-dOrto-sense-fons-300x82.png 300w, https:\/\/www.ortovins.com\/wp-content\/uploads\/2022\/02\/Blanc-dOrto-sense-fons-768x209.png 768w, https:\/\/www.ortovins.com\/wp-content\/uploads\/2022\/02\/Blanc-dOrto-sense-fons-1536x418.png 1536w, https:\/\/www.ortovins.com\/wp-content\/uploads\/2022\/02\/Blanc-dOrto-sense-fons-2048x558.png 2048w, https:\/\/www.ortovins.com\/wp-content\/uploads\/2022\/02\/Blanc-dOrto-sense-fons-600x163.png 600w\" sizes=\"(max-width: 1024px) 100vw, 1024px\" \/>\t\t\t\t\t\t\t\t\t\t\t\t\t\t\t<\/div>\n\t\t\t\t<\/div>\n\t\t\t\t\t<\/div>\n\t\t<\/div>\n\t\t\t\t<div class=\"elementor-column elementor-col-50 elementor-top-column elementor-element elementor-element-e648cc2\" data-id=\"e648cc2\" data-element_type=\"column\" data-e-type=\"column\">\n\t\t\t<div class=\"elementor-widget-wrap elementor-element-populated\">\n\t\t\t\t\t\t<div class=\"elementor-element elementor-element-285803b elementor-widget elementor-widget-heading\" data-id=\"285803b\" data-element_type=\"widget\" data-e-type=\"widget\" data-widget_type=\"heading.default\">\n\t\t\t\t<div class=\"elementor-widget-container\">\n\t\t\t\t\t<h3 class=\"elementor-heading-title elementor-size-default\">Blanc d'Orto<\/h3>\t\t\t\t<\/div>\n\t\t\t\t<\/div>\n\t\t\t\t<div class=\"elementor-element elementor-element-26069ee elementor-align-start elementor-mobile-align-center elementor-icon-list--layout-traditional elementor-list-item-link-full_width elementor-widget elementor-widget-icon-list\" data-id=\"26069ee\" data-element_type=\"widget\" data-e-type=\"widget\" data-widget_type=\"icon-list.default\">\n\t\t\t\t<div class=\"elementor-widget-container\">\n\t\t\t\t\t\t\t<ul class=\"elementor-icon-list-items\">\n\t\t\t\t\t\t\t<li class=\"elementor-icon-list-item\">\n\t\t\t\t\t\t\t\t\t\t\t<a href=\"https:\/\/www.uptasting.online\/ORTOBLANCO?lang=es&#038;lite=true\" target=\"_blank\">\n\n\t\t\t\t\t\t\t\t\t\t\t\t<span class=\"elementor-icon-list-icon\">\n\t\t\t\t\t\t\t<i aria-hidden=\"true\" class=\"fas fa-angle-double-right\"><\/i>\t\t\t\t\t\t<\/span>\n\t\t\t\t\t\t\t\t\t\t<span class=\"elementor-icon-list-text\">Voir d\u00e9gustation <\/span>\n\t\t\t\t\t\t\t\t\t\t\t<\/a>\n\t\t\t\t\t\t\t\t\t<\/li>\n\t\t\t\t\t\t\t\t<li class=\"elementor-icon-list-item\">\n\t\t\t\t\t\t\t\t\t\t\t<a href=\"\/fr\/vin-orto\/blanc-dorto\/\">\n\n\t\t\t\t\t\t\t\t\t\t\t\t<span class=\"elementor-icon-list-icon\">\n\t\t\t\t\t\t\t<i aria-hidden=\"true\" class=\"fas fa-search\"><\/i>\t\t\t\t\t\t<\/span>\n\t\t\t\t\t\t\t\t\t\t<span class=\"elementor-icon-list-text\">Plus d'informations<\/span>\n\t\t\t\t\t\t\t\t\t\t\t<\/a>\n\t\t\t\t\t\t\t\t\t<\/li>\n\t\t\t\t\t\t\t\t<li class=\"elementor-icon-list-item\">\n\t\t\t\t\t\t\t\t\t\t\t<a href=\"\/es\/producto\/blanc-dorto\/\">\n\n\t\t\t\t\t\t\t\t\t\t\t\t<span class=\"elementor-icon-list-icon\">\n\t\t\t\t\t\t\t<i aria-hidden=\"true\" class=\"fas fa-shopping-basket\"><\/i>\t\t\t\t\t\t<\/span>\n\t\t\t\t\t\t\t\t\t\t<span class=\"elementor-icon-list-text\">Acheter du vin <\/span>\n\t\t\t\t\t\t\t\t\t\t\t<\/a>\n\t\t\t\t\t\t\t\t\t<\/li>\n\t\t\t\t\t\t<\/ul>\n\t\t\t\t\t\t<\/div>\n\t\t\t\t<\/div>\n\t\t\t\t\t<\/div>\n\t\t<\/div>\n\t\t\t\t\t<\/div>\n\t\t<\/section>\n\t\t\t\t<section class=\"elementor-section elementor-top-section elementor-element elementor-element-e6d1b2b elementor-section-boxed elementor-section-height-default elementor-section-height-default\" data-id=\"e6d1b2b\" data-element_type=\"section\" data-e-type=\"section\">\n\t\t\t\t\t\t<div class=\"elementor-container elementor-column-gap-wider\">\n\t\t\t\t\t<div class=\"elementor-column elementor-col-50 elementor-top-column elementor-element elementor-element-9697ce0\" data-id=\"9697ce0\" data-element_type=\"column\" data-e-type=\"column\">\n\t\t\t<div class=\"elementor-widget-wrap elementor-element-populated\">\n\t\t\t\t\t\t<div class=\"elementor-element elementor-element-542d8b3 elementor-widget elementor-widget-image\" data-id=\"542d8b3\" data-element_type=\"widget\" data-e-type=\"widget\" data-widget_type=\"image.default\">\n\t\t\t\t<div class=\"elementor-widget-container\">\n\t\t\t\t\t\t\t\t\t\t\t\t\t\t\t<img decoding=\"async\" width=\"1024\" height=\"278\" src=\"https:\/\/www.ortovins.com\/wp-content\/uploads\/2022\/02\/Orto-Baixa-sense-fons-co\u0300pia-1024x278.png\" class=\"attachment-large size-large wp-image-2377\" alt=\"\" srcset=\"https:\/\/www.ortovins.com\/wp-content\/uploads\/2022\/02\/Orto-Baixa-sense-fons-co\u0300pia-1024x278.png 1024w, https:\/\/www.ortovins.com\/wp-content\/uploads\/2022\/02\/Orto-Baixa-sense-fons-co\u0300pia-300x81.png 300w, https:\/\/www.ortovins.com\/wp-content\/uploads\/2022\/02\/Orto-Baixa-sense-fons-co\u0300pia-768x209.png 768w, https:\/\/www.ortovins.com\/wp-content\/uploads\/2022\/02\/Orto-Baixa-sense-fons-co\u0300pia-1536x417.png 1536w, https:\/\/www.ortovins.com\/wp-content\/uploads\/2022\/02\/Orto-Baixa-sense-fons-co\u0300pia-2048x556.png 2048w, https:\/\/www.ortovins.com\/wp-content\/uploads\/2022\/02\/Orto-Baixa-sense-fons-co\u0300pia-600x163.png 600w\" sizes=\"(max-width: 1024px) 100vw, 1024px\" \/>\t\t\t\t\t\t\t\t\t\t\t\t\t\t\t<\/div>\n\t\t\t\t<\/div>\n\t\t\t\t\t<\/div>\n\t\t<\/div>\n\t\t\t\t<div class=\"elementor-column elementor-col-50 elementor-top-column elementor-element elementor-element-bb49041\" data-id=\"bb49041\" data-element_type=\"column\" data-e-type=\"column\">\n\t\t\t<div class=\"elementor-widget-wrap elementor-element-populated\">\n\t\t\t\t\t\t<div class=\"elementor-element elementor-element-e3db8b5 elementor-widget elementor-widget-heading\" data-id=\"e3db8b5\" data-element_type=\"widget\" data-e-type=\"widget\" data-widget_type=\"heading.default\">\n\t\t\t\t<div class=\"elementor-widget-container\">\n\t\t\t\t\t<h3 class=\"elementor-heading-title elementor-size-default\">Orto<\/h3>\t\t\t\t<\/div>\n\t\t\t\t<\/div>\n\t\t\t\t<div class=\"elementor-element elementor-element-257b142 elementor-align-start elementor-mobile-align-center elementor-icon-list--layout-traditional elementor-list-item-link-full_width elementor-widget elementor-widget-icon-list\" data-id=\"257b142\" data-element_type=\"widget\" data-e-type=\"widget\" data-widget_type=\"icon-list.default\">\n\t\t\t\t<div class=\"elementor-widget-container\">\n\t\t\t\t\t\t\t<ul class=\"elementor-icon-list-items\">\n\t\t\t\t\t\t\t<li class=\"elementor-icon-list-item\">\n\t\t\t\t\t\t\t\t\t\t\t<a href=\"https:\/\/www.uptasting.online\/ORTONEGRO?lang=es&#038;lite=true\" target=\"_blank\">\n\n\t\t\t\t\t\t\t\t\t\t\t\t<span class=\"elementor-icon-list-icon\">\n\t\t\t\t\t\t\t<i aria-hidden=\"true\" class=\"fas fa-angle-double-right\"><\/i>\t\t\t\t\t\t<\/span>\n\t\t\t\t\t\t\t\t\t\t<span class=\"elementor-icon-list-text\">Voir d\u00e9gustation <\/span>\n\t\t\t\t\t\t\t\t\t\t\t<\/a>\n\t\t\t\t\t\t\t\t\t<\/li>\n\t\t\t\t\t\t\t\t<li class=\"elementor-icon-list-item\">\n\t\t\t\t\t\t\t\t\t\t\t<a href=\"\/fr\/vin-orto\/orto\/\">\n\n\t\t\t\t\t\t\t\t\t\t\t\t<span class=\"elementor-icon-list-icon\">\n\t\t\t\t\t\t\t<i aria-hidden=\"true\" class=\"fas fa-search\"><\/i>\t\t\t\t\t\t<\/span>\n\t\t\t\t\t\t\t\t\t\t<span class=\"elementor-icon-list-text\">Plus d'informations<\/span>\n\t\t\t\t\t\t\t\t\t\t\t<\/a>\n\t\t\t\t\t\t\t\t\t<\/li>\n\t\t\t\t\t\t\t\t<li class=\"elementor-icon-list-item\">\n\t\t\t\t\t\t\t\t\t\t\t<a href=\"\/es\/producto\/orto\/\">\n\n\t\t\t\t\t\t\t\t\t\t\t\t<span class=\"elementor-icon-list-icon\">\n\t\t\t\t\t\t\t<i aria-hidden=\"true\" class=\"fas fa-shopping-basket\"><\/i>\t\t\t\t\t\t<\/span>\n\t\t\t\t\t\t\t\t\t\t<span class=\"elementor-icon-list-text\">Acheter du vin <\/span>\n\t\t\t\t\t\t\t\t\t\t\t<\/a>\n\t\t\t\t\t\t\t\t\t<\/li>\n\t\t\t\t\t\t<\/ul>\n\t\t\t\t\t\t<\/div>\n\t\t\t\t<\/div>\n\t\t\t\t\t<\/div>\n\t\t<\/div>\n\t\t\t\t\t<\/div>\n\t\t<\/section>\n\t\t\t\t<section class=\"elementor-section elementor-top-section elementor-element elementor-element-88c14f9 elementor-section-boxed elementor-section-height-default elementor-section-height-default\" data-id=\"88c14f9\" data-element_type=\"section\" data-e-type=\"section\">\n\t\t\t\t\t\t<div class=\"elementor-container elementor-column-gap-wider\">\n\t\t\t\t\t<div class=\"elementor-column elementor-col-50 elementor-top-column elementor-element elementor-element-b0f1735\" data-id=\"b0f1735\" data-element_type=\"column\" data-e-type=\"column\">\n\t\t\t<div class=\"elementor-widget-wrap elementor-element-populated\">\n\t\t\t\t\t\t<div class=\"elementor-element elementor-element-5cb2ce2 elementor-widget elementor-widget-image\" data-id=\"5cb2ce2\" data-element_type=\"widget\" data-e-type=\"widget\" data-widget_type=\"image.default\">\n\t\t\t\t<div class=\"elementor-widget-container\">\n\t\t\t\t\t\t\t\t\t\t\t\t\t\t\t<img decoding=\"async\" width=\"1024\" height=\"285\" src=\"https:\/\/www.ortovins.com\/wp-content\/uploads\/2022\/02\/Les-Comes-dOrto-Baixa-sense-fons-1024x285.png\" class=\"attachment-large size-large wp-image-2381\" alt=\"\" srcset=\"https:\/\/www.ortovins.com\/wp-content\/uploads\/2022\/02\/Les-Comes-dOrto-Baixa-sense-fons-1024x285.png 1024w, https:\/\/www.ortovins.com\/wp-content\/uploads\/2022\/02\/Les-Comes-dOrto-Baixa-sense-fons-300x83.png 300w, https:\/\/www.ortovins.com\/wp-content\/uploads\/2022\/02\/Les-Comes-dOrto-Baixa-sense-fons-768x214.png 768w, https:\/\/www.ortovins.com\/wp-content\/uploads\/2022\/02\/Les-Comes-dOrto-Baixa-sense-fons-1536x427.png 1536w, https:\/\/www.ortovins.com\/wp-content\/uploads\/2022\/02\/Les-Comes-dOrto-Baixa-sense-fons-2048x569.png 2048w, https:\/\/www.ortovins.com\/wp-content\/uploads\/2022\/02\/Les-Comes-dOrto-Baixa-sense-fons-600x167.png 600w\" sizes=\"(max-width: 1024px) 100vw, 1024px\" \/>\t\t\t\t\t\t\t\t\t\t\t\t\t\t\t<\/div>\n\t\t\t\t<\/div>\n\t\t\t\t\t<\/div>\n\t\t<\/div>\n\t\t\t\t<div class=\"elementor-column elementor-col-50 elementor-top-column elementor-element elementor-element-48f2097\" data-id=\"48f2097\" data-element_type=\"column\" data-e-type=\"column\">\n\t\t\t<div class=\"elementor-widget-wrap elementor-element-populated\">\n\t\t\t\t\t\t<div class=\"elementor-element elementor-element-f96d665 elementor-widget elementor-widget-heading\" data-id=\"f96d665\" data-element_type=\"widget\" data-e-type=\"widget\" data-widget_type=\"heading.default\">\n\t\t\t\t<div class=\"elementor-widget-container\">\n\t\t\t\t\t<h3 class=\"elementor-heading-title elementor-size-default\">Les Comes d'Orto<\/h3>\t\t\t\t<\/div>\n\t\t\t\t<\/div>\n\t\t\t\t<div class=\"elementor-element elementor-element-e4c66f2 elementor-align-start elementor-mobile-align-center elementor-icon-list--layout-traditional elementor-list-item-link-full_width elementor-widget elementor-widget-icon-list\" data-id=\"e4c66f2\" data-element_type=\"widget\" data-e-type=\"widget\" data-widget_type=\"icon-list.default\">\n\t\t\t\t<div class=\"elementor-widget-container\">\n\t\t\t\t\t\t\t<ul class=\"elementor-icon-list-items\">\n\t\t\t\t\t\t\t<li class=\"elementor-icon-list-item\">\n\t\t\t\t\t\t\t\t\t\t\t<a href=\"https:\/\/www.uptasting.online\/COMAS?lang=es&#038;lite=true\" target=\"_blank\">\n\n\t\t\t\t\t\t\t\t\t\t\t\t<span class=\"elementor-icon-list-icon\">\n\t\t\t\t\t\t\t<i aria-hidden=\"true\" class=\"fas fa-angle-double-right\"><\/i>\t\t\t\t\t\t<\/span>\n\t\t\t\t\t\t\t\t\t\t<span class=\"elementor-icon-list-text\">Voir d\u00e9gustation <\/span>\n\t\t\t\t\t\t\t\t\t\t\t<\/a>\n\t\t\t\t\t\t\t\t\t<\/li>\n\t\t\t\t\t\t\t\t<li class=\"elementor-icon-list-item\">\n\t\t\t\t\t\t\t\t\t\t\t<a href=\"\/fr\/vin-orto\/les-comes-dorto\/\">\n\n\t\t\t\t\t\t\t\t\t\t\t\t<span class=\"elementor-icon-list-icon\">\n\t\t\t\t\t\t\t<i aria-hidden=\"true\" class=\"fas fa-search\"><\/i>\t\t\t\t\t\t<\/span>\n\t\t\t\t\t\t\t\t\t\t<span class=\"elementor-icon-list-text\">Plus d'informations<\/span>\n\t\t\t\t\t\t\t\t\t\t\t<\/a>\n\t\t\t\t\t\t\t\t\t<\/li>\n\t\t\t\t\t\t\t\t<li class=\"elementor-icon-list-item\">\n\t\t\t\t\t\t\t\t\t\t\t<a href=\"\/es\/producto\/les-comes-dorto\/\">\n\n\t\t\t\t\t\t\t\t\t\t\t\t<span class=\"elementor-icon-list-icon\">\n\t\t\t\t\t\t\t<i aria-hidden=\"true\" class=\"fas fa-shopping-basket\"><\/i>\t\t\t\t\t\t<\/span>\n\t\t\t\t\t\t\t\t\t\t<span class=\"elementor-icon-list-text\">Acheter du vin <\/span>\n\t\t\t\t\t\t\t\t\t\t\t<\/a>\n\t\t\t\t\t\t\t\t\t<\/li>\n\t\t\t\t\t\t<\/ul>\n\t\t\t\t\t\t<\/div>\n\t\t\t\t<\/div>\n\t\t\t\t\t<\/div>\n\t\t<\/div>\n\t\t\t\t\t<\/div>\n\t\t<\/section>\n\t\t\t\t<\/div>\n\t\t","protected":false},"excerpt":{"rendered":"<p>Blanc d&rsquo;Orto Voir d\u00e9gustation Plus d&rsquo;informations Acheter du vin Orto Voir d\u00e9gustation Plus d&rsquo;informations Acheter du vin Les Comes d&rsquo;Orto Voir d\u00e9gustation Plus d&rsquo;informations Acheter du vin<\/p>\n","protected":false},"author":2,"featured_media":0,"parent":0,"menu_order":0,"comment_status":"closed","ping_status":"closed","template":"elementor_header_footer","meta":{"footnotes":""},"class_list":["post-2411","page","type-page","status-publish"],"yoast_head":"<!-- This site is optimized with the Yoast SEO plugin v27.4 - https:\/\/yoast.com\/product\/yoast-seo-wordpress\/ -->\n<title>D\u00e9gustations interactives - Orto Vins<\/title>\n<meta name=\"robots\" content=\"index, follow, max-snippet:-1, max-image-preview:large, max-video-preview:-1\" \/>\n<link rel=\"canonical\" href=\"https:\/\/www.ortovins.com\/fr\/degustations-interactives\/\" \/>\n<meta property=\"og:locale\" content=\"fr_FR\" \/>\n<meta property=\"og:type\" content=\"article\" \/>\n<meta property=\"og:title\" content=\"D\u00e9gustations interactives - Orto Vins\" \/>\n<meta property=\"og:description\" content=\"Blanc d&rsquo;Orto Voir d\u00e9gustation Plus d&rsquo;informations Acheter du vin Orto Voir d\u00e9gustation Plus d&rsquo;informations Acheter du vin Les Comes d&rsquo;Orto Voir d\u00e9gustation Plus d&rsquo;informations Acheter du vin\" \/>\n<meta property=\"og:url\" content=\"https:\/\/www.ortovins.com\/fr\/degustations-interactives\/\" \/>\n<meta property=\"og:site_name\" content=\"Orto Vins\" \/>\n<meta property=\"article:modified_time\" content=\"2022-02-15T17:23:49+00:00\" \/>\n<meta property=\"og:image\" content=\"https:\/\/www.ortovins.com\/wp-content\/uploads\/2022\/02\/Blanc-dOrto-sense-fons-1024x279.png\" \/>\n<meta name=\"twitter:card\" content=\"summary_large_image\" \/>\n<script type=\"application\/ld+json\" class=\"yoast-schema-graph\">{\"@context\":\"https:\\\/\\\/schema.org\",\"@graph\":[{\"@type\":\"WebPage\",\"@id\":\"https:\\\/\\\/www.ortovins.com\\\/fr\\\/degustations-interactives\\\/\",\"url\":\"https:\\\/\\\/www.ortovins.com\\\/fr\\\/degustations-interactives\\\/\",\"name\":\"D\u00e9gustations interactives - Orto Vins\",\"isPartOf\":{\"@id\":\"https:\\\/\\\/www.ortovins.com\\\/fr\\\/#website\"},\"primaryImageOfPage\":{\"@id\":\"https:\\\/\\\/www.ortovins.com\\\/fr\\\/degustations-interactives\\\/#primaryimage\"},\"image\":{\"@id\":\"https:\\\/\\\/www.ortovins.com\\\/fr\\\/degustations-interactives\\\/#primaryimage\"},\"thumbnailUrl\":\"https:\\\/\\\/www.ortovins.com\\\/wp-content\\\/uploads\\\/2022\\\/02\\\/Blanc-dOrto-sense-fons-1024x279.png\",\"datePublished\":\"2022-02-15T17:23:48+00:00\",\"dateModified\":\"2022-02-15T17:23:49+00:00\",\"breadcrumb\":{\"@id\":\"https:\\\/\\\/www.ortovins.com\\\/fr\\\/degustations-interactives\\\/#breadcrumb\"},\"inLanguage\":\"fr-FR\",\"potentialAction\":[{\"@type\":\"ReadAction\",\"target\":[\"https:\\\/\\\/www.ortovins.com\\\/fr\\\/degustations-interactives\\\/\"]}]},{\"@type\":\"ImageObject\",\"inLanguage\":\"fr-FR\",\"@id\":\"https:\\\/\\\/www.ortovins.com\\\/fr\\\/degustations-interactives\\\/#primaryimage\",\"url\":\"https:\\\/\\\/www.ortovins.com\\\/wp-content\\\/uploads\\\/2022\\\/02\\\/Blanc-dOrto-sense-fons-1024x279.png\",\"contentUrl\":\"https:\\\/\\\/www.ortovins.com\\\/wp-content\\\/uploads\\\/2022\\\/02\\\/Blanc-dOrto-sense-fons-1024x279.png\"},{\"@type\":\"BreadcrumbList\",\"@id\":\"https:\\\/\\\/www.ortovins.com\\\/fr\\\/degustations-interactives\\\/#breadcrumb\",\"itemListElement\":[{\"@type\":\"ListItem\",\"position\":1,\"name\":\"Inici\",\"item\":\"https:\\\/\\\/www.ortovins.com\\\/fr\\\/inici\\\/\"},{\"@type\":\"ListItem\",\"position\":2,\"name\":\"D\u00e9gustations interactives\"}]},{\"@type\":\"WebSite\",\"@id\":\"https:\\\/\\\/www.ortovins.com\\\/fr\\\/#website\",\"url\":\"https:\\\/\\\/www.ortovins.com\\\/fr\\\/\",\"name\":\"Orto Vins\",\"description\":\"Un lligam sincer amb la vinya i el vi\",\"publisher\":{\"@id\":\"https:\\\/\\\/www.ortovins.com\\\/fr\\\/#organization\"},\"potentialAction\":[{\"@type\":\"SearchAction\",\"target\":{\"@type\":\"EntryPoint\",\"urlTemplate\":\"https:\\\/\\\/www.ortovins.com\\\/fr\\\/?s={search_term_string}\"},\"query-input\":{\"@type\":\"PropertyValueSpecification\",\"valueRequired\":true,\"valueName\":\"search_term_string\"}}],\"inLanguage\":\"fr-FR\"},{\"@type\":\"Organization\",\"@id\":\"https:\\\/\\\/www.ortovins.com\\\/fr\\\/#organization\",\"name\":\"Orto Vins\",\"url\":\"https:\\\/\\\/www.ortovins.com\\\/fr\\\/\",\"logo\":{\"@type\":\"ImageObject\",\"inLanguage\":\"fr-FR\",\"@id\":\"https:\\\/\\\/www.ortovins.com\\\/fr\\\/#\\\/schema\\\/logo\\\/image\\\/\",\"url\":\"https:\\\/\\\/www.ortovins.com\\\/wp-content\\\/uploads\\\/2018\\\/07\\\/logo-orto-black.png\",\"contentUrl\":\"https:\\\/\\\/www.ortovins.com\\\/wp-content\\\/uploads\\\/2018\\\/07\\\/logo-orto-black.png\",\"width\":1056,\"height\":194,\"caption\":\"Orto Vins\"},\"image\":{\"@id\":\"https:\\\/\\\/www.ortovins.com\\\/fr\\\/#\\\/schema\\\/logo\\\/image\\\/\"}}]}<\/script>\n<!-- \/ Yoast SEO plugin. -->","yoast_head_json":{"title":"D\u00e9gustations interactives - Orto Vins","robots":{"index":"index","follow":"follow","max-snippet":"max-snippet:-1","max-image-preview":"max-image-preview:large","max-video-preview":"max-video-preview:-1"},"canonical":"https:\/\/www.ortovins.com\/fr\/degustations-interactives\/","og_locale":"fr_FR","og_type":"article","og_title":"D\u00e9gustations interactives - Orto Vins","og_description":"Blanc d&rsquo;Orto Voir d\u00e9gustation Plus d&rsquo;informations Acheter du vin Orto Voir d\u00e9gustation Plus d&rsquo;informations Acheter du vin Les Comes d&rsquo;Orto Voir d\u00e9gustation Plus d&rsquo;informations Acheter du vin","og_url":"https:\/\/www.ortovins.com\/fr\/degustations-interactives\/","og_site_name":"Orto Vins","article_modified_time":"2022-02-15T17:23:49+00:00","og_image":[{"url":"https:\/\/www.ortovins.com\/wp-content\/uploads\/2022\/02\/Blanc-dOrto-sense-fons-1024x279.png","type":"","width":"","height":""}],"twitter_card":"summary_large_image","schema":{"@context":"https:\/\/schema.org","@graph":[{"@type":"WebPage","@id":"https:\/\/www.ortovins.com\/fr\/degustations-interactives\/","url":"https:\/\/www.ortovins.com\/fr\/degustations-interactives\/","name":"D\u00e9gustations interactives - Orto Vins","isPartOf":{"@id":"https:\/\/www.ortovins.com\/fr\/#website"},"primaryImageOfPage":{"@id":"https:\/\/www.ortovins.com\/fr\/degustations-interactives\/#primaryimage"},"image":{"@id":"https:\/\/www.ortovins.com\/fr\/degustations-interactives\/#primaryimage"},"thumbnailUrl":"https:\/\/www.ortovins.com\/wp-content\/uploads\/2022\/02\/Blanc-dOrto-sense-fons-1024x279.png","datePublished":"2022-02-15T17:23:48+00:00","dateModified":"2022-02-15T17:23:49+00:00","breadcrumb":{"@id":"https:\/\/www.ortovins.com\/fr\/degustations-interactives\/#breadcrumb"},"inLanguage":"fr-FR","potentialAction":[{"@type":"ReadAction","target":["https:\/\/www.ortovins.com\/fr\/degustations-interactives\/"]}]},{"@type":"ImageObject","inLanguage":"fr-FR","@id":"https:\/\/www.ortovins.com\/fr\/degustations-interactives\/#primaryimage","url":"https:\/\/www.ortovins.com\/wp-content\/uploads\/2022\/02\/Blanc-dOrto-sense-fons-1024x279.png","contentUrl":"https:\/\/www.ortovins.com\/wp-content\/uploads\/2022\/02\/Blanc-dOrto-sense-fons-1024x279.png"},{"@type":"BreadcrumbList","@id":"https:\/\/www.ortovins.com\/fr\/degustations-interactives\/#breadcrumb","itemListElement":[{"@type":"ListItem","position":1,"name":"Inici","item":"https:\/\/www.ortovins.com\/fr\/inici\/"},{"@type":"ListItem","position":2,"name":"D\u00e9gustations interactives"}]},{"@type":"WebSite","@id":"https:\/\/www.ortovins.com\/fr\/#website","url":"https:\/\/www.ortovins.com\/fr\/","name":"Orto Vins","description":"Un lligam sincer amb la vinya i el vi","publisher":{"@id":"https:\/\/www.ortovins.com\/fr\/#organization"},"potentialAction":[{"@type":"SearchAction","target":{"@type":"EntryPoint","urlTemplate":"https:\/\/www.ortovins.com\/fr\/?s={search_term_string}"},"query-input":{"@type":"PropertyValueSpecification","valueRequired":true,"valueName":"search_term_string"}}],"inLanguage":"fr-FR"},{"@type":"Organization","@id":"https:\/\/www.ortovins.com\/fr\/#organization","name":"Orto Vins","url":"https:\/\/www.ortovins.com\/fr\/","logo":{"@type":"ImageObject","inLanguage":"fr-FR","@id":"https:\/\/www.ortovins.com\/fr\/#\/schema\/logo\/image\/","url":"https:\/\/www.ortovins.com\/wp-content\/uploads\/2018\/07\/logo-orto-black.png","contentUrl":"https:\/\/www.ortovins.com\/wp-content\/uploads\/2018\/07\/logo-orto-black.png","width":1056,"height":194,"caption":"Orto Vins"},"image":{"@id":"https:\/\/www.ortovins.com\/fr\/#\/schema\/logo\/image\/"}}]}},"_links":{"self":[{"href":"https:\/\/www.ortovins.com\/fr\/wp-json\/wp\/v2\/pages\/2411","targetHints":{"allow":["GET"]}}],"collection":[{"href":"https:\/\/www.ortovins.com\/fr\/wp-json\/wp\/v2\/pages"}],"about":[{"href":"https:\/\/www.ortovins.com\/fr\/wp-json\/wp\/v2\/types\/page"}],"author":[{"embeddable":true,"href":"https:\/\/www.ortovins.com\/fr\/wp-json\/wp\/v2\/users\/2"}],"replies":[{"embeddable":true,"href":"https:\/\/www.ortovins.com\/fr\/wp-json\/wp\/v2\/comments?post=2411"}],"version-history":[{"count":1,"href":"https:\/\/www.ortovins.com\/fr\/wp-json\/wp\/v2\/pages\/2411\/revisions"}],"predecessor-version":[{"id":2412,"href":"https:\/\/www.ortovins.com\/fr\/wp-json\/wp\/v2\/pages\/2411\/revisions\/2412"}],"wp:attachment":[{"href":"https:\/\/www.ortovins.com\/fr\/wp-json\/wp\/v2\/media?parent=2411"}],"curies":[{"name":"wp","href":"https:\/\/api.w.org\/{rel}","templated":true}]}}