{"id":3240,"date":"2020-04-29T14:45:53","date_gmt":"2020-04-29T12:45:53","guid":{"rendered":"https:\/\/www.ortovins.com\/producte\/origen\/"},"modified":"2026-04-14T06:55:19","modified_gmt":"2026-04-14T04:55:19","slug":"origen","status":"publish","type":"product","link":"https:\/\/www.ortovins.com\/es\/producto\/origen\/","title":{"rendered":"Origen"},"content":{"rendered":"<h3>Otra forma de hacer maceraciones largas buscando la finura.<\/h3>\n<p>Varietats: Garnacha blanca.<\/p>\n<p>Elaboraci\u00f3n: Con este vino queremos ir al origen de c\u00f3mo se hac\u00edan los vinos blancos antiguamente, fermentando el mosto con las pieles durante un largo tiempo (55 d\u00edas), con una parte de la rapa y en una tina tapada, sin hacer remontajes.<\/p>\n<p>Crianza: 8 meses en tina inoxidable y con las l\u00edas.<\/p>\n","protected":false},"excerpt":{"rendered":"<p>Otra forma de hacer maceraciones largas buscando la finura. Varietats: Garnacha blanca. Elaboraci\u00f3n: Con este vino queremos ir al origen de c\u00f3mo se hac\u00edan los vinos blancos antiguamente, fermentando el mosto con las pieles durante un largo tiempo (55 d\u00edas), con una parte de la rapa y en una tina tapada, sin hacer remontajes. Crianza: &#8230; <a title=\"Origen\" class=\"read-more\" href=\"https:\/\/www.ortovins.com\/es\/producto\/origen\/\" aria-label=\"Leer m\u00e1s sobre Origen\">Leer m\u00e1s<\/a><\/p>\n","protected":false},"featured_media":3706,"comment_status":"closed","ping_status":"closed","template":"","meta":[],"product_brand":[],"product_cat":[78],"product_tag":[],"class_list":{"0":"post-3240","1":"product","2":"type-product","3":"status-publish","4":"has-post-thumbnail","6":"product_cat-vino-blanco","8":"first","9":"instock","10":"taxable","11":"shipping-taxable","12":"purchasable","13":"product-type-variable","14":"has-default-attributes"},"yoast_head":"<!-- This site is optimized with the Yoast SEO plugin v27.4 - https:\/\/yoast.com\/product\/yoast-seo-wordpress\/ -->\n<title>Origen - Orto Vins<\/title>\n<meta name=\"robots\" content=\"index, follow, max-snippet:-1, max-image-preview:large, max-video-preview:-1\" \/>\n<link rel=\"canonical\" href=\"https:\/\/www.ortovins.com\/es\/producto\/origen\/\" \/>\n<meta property=\"og:locale\" content=\"es_ES\" \/>\n<meta property=\"og:type\" content=\"article\" \/>\n<meta property=\"og:title\" content=\"Origen - Orto Vins\" \/>\n<meta property=\"og:description\" content=\"Otra forma de hacer maceraciones largas buscando la finura. Varietats: Garnacha blanca. Elaboraci\u00f3n: Con este vino queremos ir al origen de c\u00f3mo se hac\u00edan los vinos blancos antiguamente, fermentando el mosto con las pieles durante un largo tiempo (55 d\u00edas), con una parte de la rapa y en una tina tapada, sin hacer remontajes. Crianza: ... Leer m\u00e1s\" \/>\n<meta property=\"og:url\" content=\"https:\/\/www.ortovins.com\/es\/producto\/origen\/\" \/>\n<meta property=\"og:site_name\" content=\"Orto Vins\" \/>\n<meta property=\"article:modified_time\" content=\"2026-04-14T04:55:19+00:00\" \/>\n<meta property=\"og:image\" content=\"https:\/\/www.ortovins.com\/wp-content\/uploads\/2023\/06\/Origen-Orto-Vins.png\" \/>\n\t<meta property=\"og:image:width\" content=\"291\" \/>\n\t<meta property=\"og:image:height\" content=\"1106\" \/>\n\t<meta property=\"og:image:type\" content=\"image\/png\" \/>\n<meta name=\"twitter:card\" content=\"summary_large_image\" \/>\n<script type=\"application\/ld+json\" class=\"yoast-schema-graph\">{\"@context\":\"https:\\\/\\\/schema.org\",\"@graph\":[{\"@type\":\"WebPage\",\"@id\":\"https:\\\/\\\/www.ortovins.com\\\/es\\\/producto\\\/origen\\\/\",\"url\":\"https:\\\/\\\/www.ortovins.com\\\/es\\\/producto\\\/origen\\\/\",\"name\":\"Origen - Orto Vins\",\"isPartOf\":{\"@id\":\"https:\\\/\\\/www.ortovins.com\\\/es\\\/#website\"},\"primaryImageOfPage\":{\"@id\":\"https:\\\/\\\/www.ortovins.com\\\/es\\\/producto\\\/origen\\\/#primaryimage\"},\"image\":{\"@id\":\"https:\\\/\\\/www.ortovins.com\\\/es\\\/producto\\\/origen\\\/#primaryimage\"},\"thumbnailUrl\":\"https:\\\/\\\/www.ortovins.com\\\/wp-content\\\/uploads\\\/2023\\\/06\\\/Origen-Orto-Vins.png\",\"datePublished\":\"2020-04-29T12:45:53+00:00\",\"dateModified\":\"2026-04-14T04:55:19+00:00\",\"breadcrumb\":{\"@id\":\"https:\\\/\\\/www.ortovins.com\\\/es\\\/producto\\\/origen\\\/#breadcrumb\"},\"inLanguage\":\"es\",\"potentialAction\":[{\"@type\":\"ReadAction\",\"target\":[\"https:\\\/\\\/www.ortovins.com\\\/es\\\/producto\\\/origen\\\/\"]}]},{\"@type\":\"ImageObject\",\"inLanguage\":\"es\",\"@id\":\"https:\\\/\\\/www.ortovins.com\\\/es\\\/producto\\\/origen\\\/#primaryimage\",\"url\":\"https:\\\/\\\/www.ortovins.com\\\/wp-content\\\/uploads\\\/2023\\\/06\\\/Origen-Orto-Vins.png\",\"contentUrl\":\"https:\\\/\\\/www.ortovins.com\\\/wp-content\\\/uploads\\\/2023\\\/06\\\/Origen-Orto-Vins.png\",\"width\":291,\"height\":1106},{\"@type\":\"BreadcrumbList\",\"@id\":\"https:\\\/\\\/www.ortovins.com\\\/es\\\/producto\\\/origen\\\/#breadcrumb\",\"itemListElement\":[{\"@type\":\"ListItem\",\"position\":1,\"name\":\"Inici\",\"item\":\"https:\\\/\\\/www.ortovins.com\\\/es\\\/inicio\\\/\"},{\"@type\":\"ListItem\",\"position\":2,\"name\":\"Tienda online\",\"item\":\"https:\\\/\\\/www.ortovins.com\\\/es\\\/tienda-online\\\/\"},{\"@type\":\"ListItem\",\"position\":3,\"name\":\"Origen\"}]},{\"@type\":\"WebSite\",\"@id\":\"https:\\\/\\\/www.ortovins.com\\\/es\\\/#website\",\"url\":\"https:\\\/\\\/www.ortovins.com\\\/es\\\/\",\"name\":\"Orto Vins\",\"description\":\"Un lligam sincer amb la vinya i el vi\",\"publisher\":{\"@id\":\"https:\\\/\\\/www.ortovins.com\\\/es\\\/#organization\"},\"potentialAction\":[{\"@type\":\"SearchAction\",\"target\":{\"@type\":\"EntryPoint\",\"urlTemplate\":\"https:\\\/\\\/www.ortovins.com\\\/es\\\/?s={search_term_string}\"},\"query-input\":{\"@type\":\"PropertyValueSpecification\",\"valueRequired\":true,\"valueName\":\"search_term_string\"}}],\"inLanguage\":\"es\"},{\"@type\":\"Organization\",\"@id\":\"https:\\\/\\\/www.ortovins.com\\\/es\\\/#organization\",\"name\":\"Orto Vins\",\"url\":\"https:\\\/\\\/www.ortovins.com\\\/es\\\/\",\"logo\":{\"@type\":\"ImageObject\",\"inLanguage\":\"es\",\"@id\":\"https:\\\/\\\/www.ortovins.com\\\/es\\\/#\\\/schema\\\/logo\\\/image\\\/\",\"url\":\"https:\\\/\\\/www.ortovins.com\\\/wp-content\\\/uploads\\\/2018\\\/07\\\/logo-orto-black.png\",\"contentUrl\":\"https:\\\/\\\/www.ortovins.com\\\/wp-content\\\/uploads\\\/2018\\\/07\\\/logo-orto-black.png\",\"width\":1056,\"height\":194,\"caption\":\"Orto Vins\"},\"image\":{\"@id\":\"https:\\\/\\\/www.ortovins.com\\\/es\\\/#\\\/schema\\\/logo\\\/image\\\/\"}}]}<\/script>\n<!-- \/ Yoast SEO plugin. -->","yoast_head_json":{"title":"Origen - Orto Vins","robots":{"index":"index","follow":"follow","max-snippet":"max-snippet:-1","max-image-preview":"max-image-preview:large","max-video-preview":"max-video-preview:-1"},"canonical":"https:\/\/www.ortovins.com\/es\/producto\/origen\/","og_locale":"es_ES","og_type":"article","og_title":"Origen - Orto Vins","og_description":"Otra forma de hacer maceraciones largas buscando la finura. Varietats: Garnacha blanca. Elaboraci\u00f3n: Con este vino queremos ir al origen de c\u00f3mo se hac\u00edan los vinos blancos antiguamente, fermentando el mosto con las pieles durante un largo tiempo (55 d\u00edas), con una parte de la rapa y en una tina tapada, sin hacer remontajes. Crianza: ... Leer m\u00e1s","og_url":"https:\/\/www.ortovins.com\/es\/producto\/origen\/","og_site_name":"Orto Vins","article_modified_time":"2026-04-14T04:55:19+00:00","og_image":[{"width":291,"height":1106,"url":"https:\/\/www.ortovins.com\/wp-content\/uploads\/2023\/06\/Origen-Orto-Vins.png","type":"image\/png"}],"twitter_card":"summary_large_image","schema":{"@context":"https:\/\/schema.org","@graph":[{"@type":"WebPage","@id":"https:\/\/www.ortovins.com\/es\/producto\/origen\/","url":"https:\/\/www.ortovins.com\/es\/producto\/origen\/","name":"Origen - Orto Vins","isPartOf":{"@id":"https:\/\/www.ortovins.com\/es\/#website"},"primaryImageOfPage":{"@id":"https:\/\/www.ortovins.com\/es\/producto\/origen\/#primaryimage"},"image":{"@id":"https:\/\/www.ortovins.com\/es\/producto\/origen\/#primaryimage"},"thumbnailUrl":"https:\/\/www.ortovins.com\/wp-content\/uploads\/2023\/06\/Origen-Orto-Vins.png","datePublished":"2020-04-29T12:45:53+00:00","dateModified":"2026-04-14T04:55:19+00:00","breadcrumb":{"@id":"https:\/\/www.ortovins.com\/es\/producto\/origen\/#breadcrumb"},"inLanguage":"es","potentialAction":[{"@type":"ReadAction","target":["https:\/\/www.ortovins.com\/es\/producto\/origen\/"]}]},{"@type":"ImageObject","inLanguage":"es","@id":"https:\/\/www.ortovins.com\/es\/producto\/origen\/#primaryimage","url":"https:\/\/www.ortovins.com\/wp-content\/uploads\/2023\/06\/Origen-Orto-Vins.png","contentUrl":"https:\/\/www.ortovins.com\/wp-content\/uploads\/2023\/06\/Origen-Orto-Vins.png","width":291,"height":1106},{"@type":"BreadcrumbList","@id":"https:\/\/www.ortovins.com\/es\/producto\/origen\/#breadcrumb","itemListElement":[{"@type":"ListItem","position":1,"name":"Inici","item":"https:\/\/www.ortovins.com\/es\/inicio\/"},{"@type":"ListItem","position":2,"name":"Tienda online","item":"https:\/\/www.ortovins.com\/es\/tienda-online\/"},{"@type":"ListItem","position":3,"name":"Origen"}]},{"@type":"WebSite","@id":"https:\/\/www.ortovins.com\/es\/#website","url":"https:\/\/www.ortovins.com\/es\/","name":"Orto Vins","description":"Un lligam sincer amb la vinya i el vi","publisher":{"@id":"https:\/\/www.ortovins.com\/es\/#organization"},"potentialAction":[{"@type":"SearchAction","target":{"@type":"EntryPoint","urlTemplate":"https:\/\/www.ortovins.com\/es\/?s={search_term_string}"},"query-input":{"@type":"PropertyValueSpecification","valueRequired":true,"valueName":"search_term_string"}}],"inLanguage":"es"},{"@type":"Organization","@id":"https:\/\/www.ortovins.com\/es\/#organization","name":"Orto Vins","url":"https:\/\/www.ortovins.com\/es\/","logo":{"@type":"ImageObject","inLanguage":"es","@id":"https:\/\/www.ortovins.com\/es\/#\/schema\/logo\/image\/","url":"https:\/\/www.ortovins.com\/wp-content\/uploads\/2018\/07\/logo-orto-black.png","contentUrl":"https:\/\/www.ortovins.com\/wp-content\/uploads\/2018\/07\/logo-orto-black.png","width":1056,"height":194,"caption":"Orto Vins"},"image":{"@id":"https:\/\/www.ortovins.com\/es\/#\/schema\/logo\/image\/"}}]}},"_links":{"self":[{"href":"https:\/\/www.ortovins.com\/es\/wp-json\/wp\/v2\/product\/3240","targetHints":{"allow":["GET"]}}],"collection":[{"href":"https:\/\/www.ortovins.com\/es\/wp-json\/wp\/v2\/product"}],"about":[{"href":"https:\/\/www.ortovins.com\/es\/wp-json\/wp\/v2\/types\/product"}],"replies":[{"embeddable":true,"href":"https:\/\/www.ortovins.com\/es\/wp-json\/wp\/v2\/comments?post=3240"}],"wp:featuredmedia":[{"embeddable":true,"href":"https:\/\/www.ortovins.com\/es\/wp-json\/wp\/v2\/media\/3706"}],"wp:attachment":[{"href":"https:\/\/www.ortovins.com\/es\/wp-json\/wp\/v2\/media?parent=3240"}],"wp:term":[{"taxonomy":"product_brand","embeddable":true,"href":"https:\/\/www.ortovins.com\/es\/wp-json\/wp\/v2\/product_brand?post=3240"},{"taxonomy":"product_cat","embeddable":true,"href":"https:\/\/www.ortovins.com\/es\/wp-json\/wp\/v2\/product_cat?post=3240"},{"taxonomy":"product_tag","embeddable":true,"href":"https:\/\/www.ortovins.com\/es\/wp-json\/wp\/v2\/product_tag?post=3240"}],"curies":[{"name":"wp","href":"https:\/\/api.w.org\/{rel}","templated":true}]}}