{"id":1671,"date":"2020-04-29T14:43:31","date_gmt":"2020-04-29T12:43:31","guid":{"rendered":"https:\/\/www.ortovins.enproves.net\/producte\/la-coma-den-genis\/"},"modified":"2026-04-14T13:02:18","modified_gmt":"2026-04-14T11:02:18","slug":"la-coma-den-genis","status":"publish","type":"product","link":"https:\/\/www.ortovins.com\/es\/producto\/la-coma-den-genis\/","title":{"rendered":"La Coma d\u2019en Gen\u00eds"},"content":{"rendered":"<h3>Un vino elaborado al 100% con picapoll tinto.<\/h3>\n<p>Variedades: 100% Picapoll Tinto.<\/p>\n<p>Elaboraci\u00f3n: El mosto macera con las pieles durante un ciclo lunar, 29 d\u00edas, en tinas de inox. Durante estos d\u00edas el mosto se transforma en vino gracias a las levaduras de la uva a una temperatura m\u00e1xima de 25\u00baC.<\/p>\n<p>Crianza: 6 meses en tina de inoxidable y finalmente 6 meses m\u00e1s en barricas de roble viejas.<\/p>\n","protected":false},"excerpt":{"rendered":"<p>Un vino elaborado al 100% con picapoll tinto. Variedades: 100% Picapoll Tinto. Elaboraci\u00f3n: El mosto macera con las pieles durante un ciclo lunar, 29 d\u00edas, en tinas de inox. Durante estos d\u00edas el mosto se transforma en vino gracias a las levaduras de la uva a una temperatura m\u00e1xima de 25\u00baC. Crianza: 6 meses en &#8230; <a title=\"La Coma d\u2019en Gen\u00eds\" class=\"read-more\" href=\"https:\/\/www.ortovins.com\/es\/producto\/la-coma-den-genis\/\" aria-label=\"Leer m\u00e1s sobre La Coma d\u2019en Gen\u00eds\">Leer m\u00e1s<\/a><\/p>\n","protected":false},"featured_media":1268,"comment_status":"closed","ping_status":"closed","template":"","meta":[],"product_brand":[],"product_cat":[76],"product_tag":[],"class_list":{"0":"post-1671","1":"product","2":"type-product","3":"status-publish","4":"has-post-thumbnail","6":"product_cat-vino-tinto","8":"first","9":"instock","10":"taxable","11":"shipping-taxable","12":"product-type-variable","13":"has-default-attributes"},"yoast_head":"<!-- This site is optimized with the Yoast SEO plugin v27.4 - https:\/\/yoast.com\/product\/yoast-seo-wordpress\/ -->\n<title>La Coma d\u2019en Gen\u00eds - Orto Vins<\/title>\n<meta name=\"robots\" content=\"index, follow, max-snippet:-1, max-image-preview:large, max-video-preview:-1\" \/>\n<link rel=\"canonical\" href=\"https:\/\/www.ortovins.com\/es\/producto\/la-coma-den-genis\/\" \/>\n<meta property=\"og:locale\" content=\"es_ES\" \/>\n<meta property=\"og:type\" content=\"article\" \/>\n<meta property=\"og:title\" content=\"La Coma d\u2019en Gen\u00eds - Orto Vins\" \/>\n<meta property=\"og:description\" content=\"Un vino elaborado al 100% con picapoll tinto. Variedades: 100% Picapoll Tinto. Elaboraci\u00f3n: El mosto macera con las pieles durante un ciclo lunar, 29 d\u00edas, en tinas de inox. Durante estos d\u00edas el mosto se transforma en vino gracias a las levaduras de la uva a una temperatura m\u00e1xima de 25\u00baC. Crianza: 6 meses en ... Leer m\u00e1s\" \/>\n<meta property=\"og:url\" content=\"https:\/\/www.ortovins.com\/es\/producto\/la-coma-den-genis\/\" \/>\n<meta property=\"og:site_name\" content=\"Orto Vins\" \/>\n<meta property=\"article:modified_time\" content=\"2026-04-14T11:02:18+00:00\" \/>\n<meta property=\"og:image\" content=\"https:\/\/www.ortovins.com\/wp-content\/uploads\/2019\/12\/Coma-del-Geni\u0301s-Alta-.png\" \/>\n\t<meta property=\"og:image:width\" content=\"450\" \/>\n\t<meta property=\"og:image:height\" content=\"1675\" \/>\n\t<meta property=\"og:image:type\" content=\"image\/png\" \/>\n<meta name=\"twitter:card\" content=\"summary_large_image\" \/>\n<script type=\"application\/ld+json\" class=\"yoast-schema-graph\">{\"@context\":\"https:\\\/\\\/schema.org\",\"@graph\":[{\"@type\":\"WebPage\",\"@id\":\"https:\\\/\\\/www.ortovins.com\\\/es\\\/producto\\\/la-coma-den-genis\\\/\",\"url\":\"https:\\\/\\\/www.ortovins.com\\\/es\\\/producto\\\/la-coma-den-genis\\\/\",\"name\":\"La Coma d\u2019en Gen\u00eds - Orto Vins\",\"isPartOf\":{\"@id\":\"https:\\\/\\\/www.ortovins.com\\\/es\\\/#website\"},\"primaryImageOfPage\":{\"@id\":\"https:\\\/\\\/www.ortovins.com\\\/es\\\/producto\\\/la-coma-den-genis\\\/#primaryimage\"},\"image\":{\"@id\":\"https:\\\/\\\/www.ortovins.com\\\/es\\\/producto\\\/la-coma-den-genis\\\/#primaryimage\"},\"thumbnailUrl\":\"https:\\\/\\\/www.ortovins.com\\\/wp-content\\\/uploads\\\/2019\\\/12\\\/Coma-del-Geni\u0301s-Alta-.png\",\"datePublished\":\"2020-04-29T12:43:31+00:00\",\"dateModified\":\"2026-04-14T11:02:18+00:00\",\"breadcrumb\":{\"@id\":\"https:\\\/\\\/www.ortovins.com\\\/es\\\/producto\\\/la-coma-den-genis\\\/#breadcrumb\"},\"inLanguage\":\"es\",\"potentialAction\":[{\"@type\":\"ReadAction\",\"target\":[\"https:\\\/\\\/www.ortovins.com\\\/es\\\/producto\\\/la-coma-den-genis\\\/\"]}]},{\"@type\":\"ImageObject\",\"inLanguage\":\"es\",\"@id\":\"https:\\\/\\\/www.ortovins.com\\\/es\\\/producto\\\/la-coma-den-genis\\\/#primaryimage\",\"url\":\"https:\\\/\\\/www.ortovins.com\\\/wp-content\\\/uploads\\\/2019\\\/12\\\/Coma-del-Geni\u0301s-Alta-.png\",\"contentUrl\":\"https:\\\/\\\/www.ortovins.com\\\/wp-content\\\/uploads\\\/2019\\\/12\\\/Coma-del-Geni\u0301s-Alta-.png\",\"width\":450,\"height\":1675},{\"@type\":\"BreadcrumbList\",\"@id\":\"https:\\\/\\\/www.ortovins.com\\\/es\\\/producto\\\/la-coma-den-genis\\\/#breadcrumb\",\"itemListElement\":[{\"@type\":\"ListItem\",\"position\":1,\"name\":\"Inici\",\"item\":\"https:\\\/\\\/www.ortovins.com\\\/es\\\/inicio\\\/\"},{\"@type\":\"ListItem\",\"position\":2,\"name\":\"Tienda online\",\"item\":\"https:\\\/\\\/www.ortovins.com\\\/es\\\/tienda-online\\\/\"},{\"@type\":\"ListItem\",\"position\":3,\"name\":\"La Coma d\u2019en Gen\u00eds\"}]},{\"@type\":\"WebSite\",\"@id\":\"https:\\\/\\\/www.ortovins.com\\\/es\\\/#website\",\"url\":\"https:\\\/\\\/www.ortovins.com\\\/es\\\/\",\"name\":\"Orto Vins\",\"description\":\"Un lligam sincer amb la vinya i el vi\",\"publisher\":{\"@id\":\"https:\\\/\\\/www.ortovins.com\\\/es\\\/#organization\"},\"potentialAction\":[{\"@type\":\"SearchAction\",\"target\":{\"@type\":\"EntryPoint\",\"urlTemplate\":\"https:\\\/\\\/www.ortovins.com\\\/es\\\/?s={search_term_string}\"},\"query-input\":{\"@type\":\"PropertyValueSpecification\",\"valueRequired\":true,\"valueName\":\"search_term_string\"}}],\"inLanguage\":\"es\"},{\"@type\":\"Organization\",\"@id\":\"https:\\\/\\\/www.ortovins.com\\\/es\\\/#organization\",\"name\":\"Orto Vins\",\"url\":\"https:\\\/\\\/www.ortovins.com\\\/es\\\/\",\"logo\":{\"@type\":\"ImageObject\",\"inLanguage\":\"es\",\"@id\":\"https:\\\/\\\/www.ortovins.com\\\/es\\\/#\\\/schema\\\/logo\\\/image\\\/\",\"url\":\"https:\\\/\\\/www.ortovins.com\\\/wp-content\\\/uploads\\\/2018\\\/07\\\/logo-orto-black.png\",\"contentUrl\":\"https:\\\/\\\/www.ortovins.com\\\/wp-content\\\/uploads\\\/2018\\\/07\\\/logo-orto-black.png\",\"width\":1056,\"height\":194,\"caption\":\"Orto Vins\"},\"image\":{\"@id\":\"https:\\\/\\\/www.ortovins.com\\\/es\\\/#\\\/schema\\\/logo\\\/image\\\/\"}}]}<\/script>\n<!-- \/ Yoast SEO plugin. -->","yoast_head_json":{"title":"La Coma d\u2019en Gen\u00eds - Orto Vins","robots":{"index":"index","follow":"follow","max-snippet":"max-snippet:-1","max-image-preview":"max-image-preview:large","max-video-preview":"max-video-preview:-1"},"canonical":"https:\/\/www.ortovins.com\/es\/producto\/la-coma-den-genis\/","og_locale":"es_ES","og_type":"article","og_title":"La Coma d\u2019en Gen\u00eds - Orto Vins","og_description":"Un vino elaborado al 100% con picapoll tinto. Variedades: 100% Picapoll Tinto. Elaboraci\u00f3n: El mosto macera con las pieles durante un ciclo lunar, 29 d\u00edas, en tinas de inox. Durante estos d\u00edas el mosto se transforma en vino gracias a las levaduras de la uva a una temperatura m\u00e1xima de 25\u00baC. Crianza: 6 meses en ... Leer m\u00e1s","og_url":"https:\/\/www.ortovins.com\/es\/producto\/la-coma-den-genis\/","og_site_name":"Orto Vins","article_modified_time":"2026-04-14T11:02:18+00:00","og_image":[{"width":450,"height":1675,"url":"https:\/\/www.ortovins.com\/wp-content\/uploads\/2019\/12\/Coma-del-Geni\u0301s-Alta-.png","type":"image\/png"}],"twitter_card":"summary_large_image","schema":{"@context":"https:\/\/schema.org","@graph":[{"@type":"WebPage","@id":"https:\/\/www.ortovins.com\/es\/producto\/la-coma-den-genis\/","url":"https:\/\/www.ortovins.com\/es\/producto\/la-coma-den-genis\/","name":"La Coma d\u2019en Gen\u00eds - Orto Vins","isPartOf":{"@id":"https:\/\/www.ortovins.com\/es\/#website"},"primaryImageOfPage":{"@id":"https:\/\/www.ortovins.com\/es\/producto\/la-coma-den-genis\/#primaryimage"},"image":{"@id":"https:\/\/www.ortovins.com\/es\/producto\/la-coma-den-genis\/#primaryimage"},"thumbnailUrl":"https:\/\/www.ortovins.com\/wp-content\/uploads\/2019\/12\/Coma-del-Geni\u0301s-Alta-.png","datePublished":"2020-04-29T12:43:31+00:00","dateModified":"2026-04-14T11:02:18+00:00","breadcrumb":{"@id":"https:\/\/www.ortovins.com\/es\/producto\/la-coma-den-genis\/#breadcrumb"},"inLanguage":"es","potentialAction":[{"@type":"ReadAction","target":["https:\/\/www.ortovins.com\/es\/producto\/la-coma-den-genis\/"]}]},{"@type":"ImageObject","inLanguage":"es","@id":"https:\/\/www.ortovins.com\/es\/producto\/la-coma-den-genis\/#primaryimage","url":"https:\/\/www.ortovins.com\/wp-content\/uploads\/2019\/12\/Coma-del-Geni\u0301s-Alta-.png","contentUrl":"https:\/\/www.ortovins.com\/wp-content\/uploads\/2019\/12\/Coma-del-Geni\u0301s-Alta-.png","width":450,"height":1675},{"@type":"BreadcrumbList","@id":"https:\/\/www.ortovins.com\/es\/producto\/la-coma-den-genis\/#breadcrumb","itemListElement":[{"@type":"ListItem","position":1,"name":"Inici","item":"https:\/\/www.ortovins.com\/es\/inicio\/"},{"@type":"ListItem","position":2,"name":"Tienda online","item":"https:\/\/www.ortovins.com\/es\/tienda-online\/"},{"@type":"ListItem","position":3,"name":"La Coma d\u2019en Gen\u00eds"}]},{"@type":"WebSite","@id":"https:\/\/www.ortovins.com\/es\/#website","url":"https:\/\/www.ortovins.com\/es\/","name":"Orto Vins","description":"Un lligam sincer amb la vinya i el vi","publisher":{"@id":"https:\/\/www.ortovins.com\/es\/#organization"},"potentialAction":[{"@type":"SearchAction","target":{"@type":"EntryPoint","urlTemplate":"https:\/\/www.ortovins.com\/es\/?s={search_term_string}"},"query-input":{"@type":"PropertyValueSpecification","valueRequired":true,"valueName":"search_term_string"}}],"inLanguage":"es"},{"@type":"Organization","@id":"https:\/\/www.ortovins.com\/es\/#organization","name":"Orto Vins","url":"https:\/\/www.ortovins.com\/es\/","logo":{"@type":"ImageObject","inLanguage":"es","@id":"https:\/\/www.ortovins.com\/es\/#\/schema\/logo\/image\/","url":"https:\/\/www.ortovins.com\/wp-content\/uploads\/2018\/07\/logo-orto-black.png","contentUrl":"https:\/\/www.ortovins.com\/wp-content\/uploads\/2018\/07\/logo-orto-black.png","width":1056,"height":194,"caption":"Orto Vins"},"image":{"@id":"https:\/\/www.ortovins.com\/es\/#\/schema\/logo\/image\/"}}]}},"_links":{"self":[{"href":"https:\/\/www.ortovins.com\/es\/wp-json\/wp\/v2\/product\/1671","targetHints":{"allow":["GET"]}}],"collection":[{"href":"https:\/\/www.ortovins.com\/es\/wp-json\/wp\/v2\/product"}],"about":[{"href":"https:\/\/www.ortovins.com\/es\/wp-json\/wp\/v2\/types\/product"}],"replies":[{"embeddable":true,"href":"https:\/\/www.ortovins.com\/es\/wp-json\/wp\/v2\/comments?post=1671"}],"wp:featuredmedia":[{"embeddable":true,"href":"https:\/\/www.ortovins.com\/es\/wp-json\/wp\/v2\/media\/1268"}],"wp:attachment":[{"href":"https:\/\/www.ortovins.com\/es\/wp-json\/wp\/v2\/media?parent=1671"}],"wp:term":[{"taxonomy":"product_brand","embeddable":true,"href":"https:\/\/www.ortovins.com\/es\/wp-json\/wp\/v2\/product_brand?post=1671"},{"taxonomy":"product_cat","embeddable":true,"href":"https:\/\/www.ortovins.com\/es\/wp-json\/wp\/v2\/product_cat?post=1671"},{"taxonomy":"product_tag","embeddable":true,"href":"https:\/\/www.ortovins.com\/es\/wp-json\/wp\/v2\/product_tag?post=1671"}],"curies":[{"name":"wp","href":"https:\/\/api.w.org\/{rel}","templated":true}]}}