{"id":1667,"date":"2020-04-29T14:41:50","date_gmt":"2020-04-29T12:41:50","guid":{"rendered":"https:\/\/www.ortovins.enproves.net\/producte\/dolc-dorto-negre\/"},"modified":"2026-04-14T12:58:16","modified_gmt":"2026-04-14T10:58:16","slug":"dolc-dorto-negre","status":"publish","type":"product","link":"https:\/\/www.ortovins.com\/es\/producto\/dolc-dorto-negre\/","title":{"rendered":"Dol\u00e7 d\u2019Orto Negre"},"content":{"rendered":"<h3>Un dulce tinto que nos transporta a los vinos elaborados de manera tradicional, como hace m\u00e1s de 50 a\u00f1os.<\/h3>\n<p>Variedades: 100% Garnacha.<\/p>\n<p>Elaboraci\u00f3n: 15 d\u00edas de maceraci\u00f3n con las pieles. Fermentaci\u00f3n espont\u00e1nea y parada natural sin a\u00f1adir alcohol.<\/p>\n<p>Crianza: 6 meses en garrafas de vidrio.<\/p>\n","protected":false},"excerpt":{"rendered":"<p>Un dulce tinto que nos transporta a los vinos elaborados de manera tradicional, como hace m\u00e1s de 50 a\u00f1os. Variedades: 100% Garnacha. Elaboraci\u00f3n: 15 d\u00edas de maceraci\u00f3n con las pieles. Fermentaci\u00f3n espont\u00e1nea y parada natural sin a\u00f1adir alcohol. Crianza: 6 meses en garrafas de vidrio.<\/p>\n","protected":false},"featured_media":3467,"comment_status":"closed","ping_status":"closed","template":"","meta":[],"product_brand":[],"product_cat":[77],"product_tag":[],"class_list":{"0":"post-1667","1":"product","2":"type-product","3":"status-publish","4":"has-post-thumbnail","6":"product_cat-vino-dulce-rancio","8":"first","9":"instock","10":"taxable","11":"shipping-taxable","12":"purchasable","13":"product-type-variable","14":"has-default-attributes"},"yoast_head":"<!-- This site is optimized with the Yoast SEO plugin v27.4 - https:\/\/yoast.com\/product\/yoast-seo-wordpress\/ -->\n<title>Dol\u00e7 d\u2019Orto Negre - Orto Vins<\/title>\n<meta name=\"robots\" content=\"index, follow, max-snippet:-1, max-image-preview:large, max-video-preview:-1\" \/>\n<link rel=\"canonical\" href=\"https:\/\/www.ortovins.com\/es\/producto\/dolc-dorto-negre\/\" \/>\n<meta property=\"og:locale\" content=\"es_ES\" \/>\n<meta property=\"og:type\" content=\"article\" \/>\n<meta property=\"og:title\" content=\"Dol\u00e7 d\u2019Orto Negre - Orto Vins\" \/>\n<meta property=\"og:description\" content=\"Un dulce tinto que nos transporta a los vinos elaborados de manera tradicional, como hace m\u00e1s de 50 a\u00f1os. Variedades: 100% Garnacha. Elaboraci\u00f3n: 15 d\u00edas de maceraci\u00f3n con las pieles. Fermentaci\u00f3n espont\u00e1nea y parada natural sin a\u00f1adir alcohol. Crianza: 6 meses en garrafas de vidrio.\" \/>\n<meta property=\"og:url\" content=\"https:\/\/www.ortovins.com\/es\/producto\/dolc-dorto-negre\/\" \/>\n<meta property=\"og:site_name\" content=\"Orto Vins\" \/>\n<meta property=\"article:modified_time\" content=\"2026-04-14T10:58:16+00:00\" \/>\n<meta property=\"og:image\" content=\"https:\/\/www.ortovins.com\/wp-content\/uploads\/2020\/04\/Dolc-Orto-Negre.png\" \/>\n\t<meta property=\"og:image:width\" content=\"350\" \/>\n\t<meta property=\"og:image:height\" content=\"1465\" \/>\n\t<meta property=\"og:image:type\" content=\"image\/png\" \/>\n<meta name=\"twitter:card\" content=\"summary_large_image\" \/>\n<script type=\"application\/ld+json\" class=\"yoast-schema-graph\">{\"@context\":\"https:\\\/\\\/schema.org\",\"@graph\":[{\"@type\":\"WebPage\",\"@id\":\"https:\\\/\\\/www.ortovins.com\\\/es\\\/producto\\\/dolc-dorto-negre\\\/\",\"url\":\"https:\\\/\\\/www.ortovins.com\\\/es\\\/producto\\\/dolc-dorto-negre\\\/\",\"name\":\"Dol\u00e7 d\u2019Orto Negre - Orto Vins\",\"isPartOf\":{\"@id\":\"https:\\\/\\\/www.ortovins.com\\\/es\\\/#website\"},\"primaryImageOfPage\":{\"@id\":\"https:\\\/\\\/www.ortovins.com\\\/es\\\/producto\\\/dolc-dorto-negre\\\/#primaryimage\"},\"image\":{\"@id\":\"https:\\\/\\\/www.ortovins.com\\\/es\\\/producto\\\/dolc-dorto-negre\\\/#primaryimage\"},\"thumbnailUrl\":\"https:\\\/\\\/www.ortovins.com\\\/wp-content\\\/uploads\\\/2020\\\/04\\\/Dolc-Orto-Negre.png\",\"datePublished\":\"2020-04-29T12:41:50+00:00\",\"dateModified\":\"2026-04-14T10:58:16+00:00\",\"breadcrumb\":{\"@id\":\"https:\\\/\\\/www.ortovins.com\\\/es\\\/producto\\\/dolc-dorto-negre\\\/#breadcrumb\"},\"inLanguage\":\"es\",\"potentialAction\":[{\"@type\":\"ReadAction\",\"target\":[\"https:\\\/\\\/www.ortovins.com\\\/es\\\/producto\\\/dolc-dorto-negre\\\/\"]}]},{\"@type\":\"ImageObject\",\"inLanguage\":\"es\",\"@id\":\"https:\\\/\\\/www.ortovins.com\\\/es\\\/producto\\\/dolc-dorto-negre\\\/#primaryimage\",\"url\":\"https:\\\/\\\/www.ortovins.com\\\/wp-content\\\/uploads\\\/2020\\\/04\\\/Dolc-Orto-Negre.png\",\"contentUrl\":\"https:\\\/\\\/www.ortovins.com\\\/wp-content\\\/uploads\\\/2020\\\/04\\\/Dolc-Orto-Negre.png\",\"width\":350,\"height\":1465},{\"@type\":\"BreadcrumbList\",\"@id\":\"https:\\\/\\\/www.ortovins.com\\\/es\\\/producto\\\/dolc-dorto-negre\\\/#breadcrumb\",\"itemListElement\":[{\"@type\":\"ListItem\",\"position\":1,\"name\":\"Inici\",\"item\":\"https:\\\/\\\/www.ortovins.com\\\/es\\\/inicio\\\/\"},{\"@type\":\"ListItem\",\"position\":2,\"name\":\"Tienda online\",\"item\":\"https:\\\/\\\/www.ortovins.com\\\/es\\\/tienda-online\\\/\"},{\"@type\":\"ListItem\",\"position\":3,\"name\":\"Dol\u00e7 d\u2019Orto Negre\"}]},{\"@type\":\"WebSite\",\"@id\":\"https:\\\/\\\/www.ortovins.com\\\/es\\\/#website\",\"url\":\"https:\\\/\\\/www.ortovins.com\\\/es\\\/\",\"name\":\"Orto Vins\",\"description\":\"Un lligam sincer amb la vinya i el vi\",\"publisher\":{\"@id\":\"https:\\\/\\\/www.ortovins.com\\\/es\\\/#organization\"},\"potentialAction\":[{\"@type\":\"SearchAction\",\"target\":{\"@type\":\"EntryPoint\",\"urlTemplate\":\"https:\\\/\\\/www.ortovins.com\\\/es\\\/?s={search_term_string}\"},\"query-input\":{\"@type\":\"PropertyValueSpecification\",\"valueRequired\":true,\"valueName\":\"search_term_string\"}}],\"inLanguage\":\"es\"},{\"@type\":\"Organization\",\"@id\":\"https:\\\/\\\/www.ortovins.com\\\/es\\\/#organization\",\"name\":\"Orto Vins\",\"url\":\"https:\\\/\\\/www.ortovins.com\\\/es\\\/\",\"logo\":{\"@type\":\"ImageObject\",\"inLanguage\":\"es\",\"@id\":\"https:\\\/\\\/www.ortovins.com\\\/es\\\/#\\\/schema\\\/logo\\\/image\\\/\",\"url\":\"https:\\\/\\\/www.ortovins.com\\\/wp-content\\\/uploads\\\/2018\\\/07\\\/logo-orto-black.png\",\"contentUrl\":\"https:\\\/\\\/www.ortovins.com\\\/wp-content\\\/uploads\\\/2018\\\/07\\\/logo-orto-black.png\",\"width\":1056,\"height\":194,\"caption\":\"Orto Vins\"},\"image\":{\"@id\":\"https:\\\/\\\/www.ortovins.com\\\/es\\\/#\\\/schema\\\/logo\\\/image\\\/\"}}]}<\/script>\n<!-- \/ Yoast SEO plugin. -->","yoast_head_json":{"title":"Dol\u00e7 d\u2019Orto Negre - Orto Vins","robots":{"index":"index","follow":"follow","max-snippet":"max-snippet:-1","max-image-preview":"max-image-preview:large","max-video-preview":"max-video-preview:-1"},"canonical":"https:\/\/www.ortovins.com\/es\/producto\/dolc-dorto-negre\/","og_locale":"es_ES","og_type":"article","og_title":"Dol\u00e7 d\u2019Orto Negre - Orto Vins","og_description":"Un dulce tinto que nos transporta a los vinos elaborados de manera tradicional, como hace m\u00e1s de 50 a\u00f1os. Variedades: 100% Garnacha. Elaboraci\u00f3n: 15 d\u00edas de maceraci\u00f3n con las pieles. Fermentaci\u00f3n espont\u00e1nea y parada natural sin a\u00f1adir alcohol. Crianza: 6 meses en garrafas de vidrio.","og_url":"https:\/\/www.ortovins.com\/es\/producto\/dolc-dorto-negre\/","og_site_name":"Orto Vins","article_modified_time":"2026-04-14T10:58:16+00:00","og_image":[{"width":350,"height":1465,"url":"https:\/\/www.ortovins.com\/wp-content\/uploads\/2020\/04\/Dolc-Orto-Negre.png","type":"image\/png"}],"twitter_card":"summary_large_image","schema":{"@context":"https:\/\/schema.org","@graph":[{"@type":"WebPage","@id":"https:\/\/www.ortovins.com\/es\/producto\/dolc-dorto-negre\/","url":"https:\/\/www.ortovins.com\/es\/producto\/dolc-dorto-negre\/","name":"Dol\u00e7 d\u2019Orto Negre - Orto Vins","isPartOf":{"@id":"https:\/\/www.ortovins.com\/es\/#website"},"primaryImageOfPage":{"@id":"https:\/\/www.ortovins.com\/es\/producto\/dolc-dorto-negre\/#primaryimage"},"image":{"@id":"https:\/\/www.ortovins.com\/es\/producto\/dolc-dorto-negre\/#primaryimage"},"thumbnailUrl":"https:\/\/www.ortovins.com\/wp-content\/uploads\/2020\/04\/Dolc-Orto-Negre.png","datePublished":"2020-04-29T12:41:50+00:00","dateModified":"2026-04-14T10:58:16+00:00","breadcrumb":{"@id":"https:\/\/www.ortovins.com\/es\/producto\/dolc-dorto-negre\/#breadcrumb"},"inLanguage":"es","potentialAction":[{"@type":"ReadAction","target":["https:\/\/www.ortovins.com\/es\/producto\/dolc-dorto-negre\/"]}]},{"@type":"ImageObject","inLanguage":"es","@id":"https:\/\/www.ortovins.com\/es\/producto\/dolc-dorto-negre\/#primaryimage","url":"https:\/\/www.ortovins.com\/wp-content\/uploads\/2020\/04\/Dolc-Orto-Negre.png","contentUrl":"https:\/\/www.ortovins.com\/wp-content\/uploads\/2020\/04\/Dolc-Orto-Negre.png","width":350,"height":1465},{"@type":"BreadcrumbList","@id":"https:\/\/www.ortovins.com\/es\/producto\/dolc-dorto-negre\/#breadcrumb","itemListElement":[{"@type":"ListItem","position":1,"name":"Inici","item":"https:\/\/www.ortovins.com\/es\/inicio\/"},{"@type":"ListItem","position":2,"name":"Tienda online","item":"https:\/\/www.ortovins.com\/es\/tienda-online\/"},{"@type":"ListItem","position":3,"name":"Dol\u00e7 d\u2019Orto Negre"}]},{"@type":"WebSite","@id":"https:\/\/www.ortovins.com\/es\/#website","url":"https:\/\/www.ortovins.com\/es\/","name":"Orto Vins","description":"Un lligam sincer amb la vinya i el vi","publisher":{"@id":"https:\/\/www.ortovins.com\/es\/#organization"},"potentialAction":[{"@type":"SearchAction","target":{"@type":"EntryPoint","urlTemplate":"https:\/\/www.ortovins.com\/es\/?s={search_term_string}"},"query-input":{"@type":"PropertyValueSpecification","valueRequired":true,"valueName":"search_term_string"}}],"inLanguage":"es"},{"@type":"Organization","@id":"https:\/\/www.ortovins.com\/es\/#organization","name":"Orto Vins","url":"https:\/\/www.ortovins.com\/es\/","logo":{"@type":"ImageObject","inLanguage":"es","@id":"https:\/\/www.ortovins.com\/es\/#\/schema\/logo\/image\/","url":"https:\/\/www.ortovins.com\/wp-content\/uploads\/2018\/07\/logo-orto-black.png","contentUrl":"https:\/\/www.ortovins.com\/wp-content\/uploads\/2018\/07\/logo-orto-black.png","width":1056,"height":194,"caption":"Orto Vins"},"image":{"@id":"https:\/\/www.ortovins.com\/es\/#\/schema\/logo\/image\/"}}]}},"_links":{"self":[{"href":"https:\/\/www.ortovins.com\/es\/wp-json\/wp\/v2\/product\/1667","targetHints":{"allow":["GET"]}}],"collection":[{"href":"https:\/\/www.ortovins.com\/es\/wp-json\/wp\/v2\/product"}],"about":[{"href":"https:\/\/www.ortovins.com\/es\/wp-json\/wp\/v2\/types\/product"}],"replies":[{"embeddable":true,"href":"https:\/\/www.ortovins.com\/es\/wp-json\/wp\/v2\/comments?post=1667"}],"wp:featuredmedia":[{"embeddable":true,"href":"https:\/\/www.ortovins.com\/es\/wp-json\/wp\/v2\/media\/3467"}],"wp:attachment":[{"href":"https:\/\/www.ortovins.com\/es\/wp-json\/wp\/v2\/media?parent=1667"}],"wp:term":[{"taxonomy":"product_brand","embeddable":true,"href":"https:\/\/www.ortovins.com\/es\/wp-json\/wp\/v2\/product_brand?post=1667"},{"taxonomy":"product_cat","embeddable":true,"href":"https:\/\/www.ortovins.com\/es\/wp-json\/wp\/v2\/product_cat?post=1667"},{"taxonomy":"product_tag","embeddable":true,"href":"https:\/\/www.ortovins.com\/es\/wp-json\/wp\/v2\/product_tag?post=1667"}],"curies":[{"name":"wp","href":"https:\/\/api.w.org\/{rel}","templated":true}]}}