{"id":1661,"date":"2020-04-29T14:53:33","date_gmt":"2020-04-29T12:53:33","guid":{"rendered":"https:\/\/www.ortovins.enproves.net\/producte\/les-pujoles\/"},"modified":"2026-04-14T07:05:40","modified_gmt":"2026-04-14T05:05:40","slug":"les-pujoles","status":"publish","type":"product","link":"https:\/\/www.ortovins.com\/es\/producto\/les-pujoles\/","title":{"rendered":"Les Pujoles"},"content":{"rendered":"<h3>Potencia.<\/h3>\n<p>Variedades: 100% Tempranillo.<\/p>\n<p>Elaboraci\u00f3n: Fermentaci\u00f3n con levaduras propias de la finca en barricas de 500 l. 28 d\u00edas de maceraci\u00f3n. Posteriormente al prensado, el vino pasa a barricas viejas, donde har\u00e1 la malol\u00e1ctica y la crianza.<\/p>\n<p>Crianza: 12 meses en barricas de 225 de entre 5 y 12 anys.<\/p>\n","protected":false},"excerpt":{"rendered":"<p>Potencia. Variedades: 100% Tempranillo. Elaboraci\u00f3n: Fermentaci\u00f3n con levaduras propias de la finca en barricas de 500 l. 28 d\u00edas de maceraci\u00f3n. Posteriormente al prensado, el vino pasa a barricas viejas, donde har\u00e1 la malol\u00e1ctica y la crianza. Crianza: 12 meses en barricas de 225 de entre 5 y 12 anys.<\/p>\n","protected":false},"featured_media":666,"comment_status":"closed","ping_status":"closed","template":"","meta":[],"product_brand":[],"product_cat":[76],"product_tag":[],"class_list":{"0":"post-1661","1":"product","2":"type-product","3":"status-publish","4":"has-post-thumbnail","6":"product_cat-vino-tinto","8":"first","9":"instock","10":"taxable","11":"shipping-taxable","12":"purchasable","13":"product-type-variable","14":"has-default-attributes"},"yoast_head":"<!-- This site is optimized with the Yoast SEO plugin v27.4 - https:\/\/yoast.com\/product\/yoast-seo-wordpress\/ -->\n<title>Les Pujoles - Orto Vins<\/title>\n<meta name=\"robots\" content=\"index, follow, max-snippet:-1, max-image-preview:large, max-video-preview:-1\" \/>\n<link rel=\"canonical\" href=\"https:\/\/www.ortovins.com\/es\/producto\/les-pujoles\/\" \/>\n<meta property=\"og:locale\" content=\"es_ES\" \/>\n<meta property=\"og:type\" content=\"article\" \/>\n<meta property=\"og:title\" content=\"Les Pujoles - Orto Vins\" \/>\n<meta property=\"og:description\" content=\"Potencia. Variedades: 100% Tempranillo. Elaboraci\u00f3n: Fermentaci\u00f3n con levaduras propias de la finca en barricas de 500 l. 28 d\u00edas de maceraci\u00f3n. Posteriormente al prensado, el vino pasa a barricas viejas, donde har\u00e1 la malol\u00e1ctica y la crianza. Crianza: 12 meses en barricas de 225 de entre 5 y 12 anys.\" \/>\n<meta property=\"og:url\" content=\"https:\/\/www.ortovins.com\/es\/producto\/les-pujoles\/\" \/>\n<meta property=\"og:site_name\" content=\"Orto Vins\" \/>\n<meta property=\"article:modified_time\" content=\"2026-04-14T05:05:40+00:00\" \/>\n<meta property=\"og:image\" content=\"https:\/\/www.ortovins.com\/wp-content\/uploads\/2018\/07\/Les-Pujoles-Baixa-sense-fons.png\" \/>\n\t<meta property=\"og:image:width\" content=\"600\" \/>\n\t<meta property=\"og:image:height\" content=\"2156\" \/>\n\t<meta property=\"og:image:type\" content=\"image\/png\" \/>\n<meta name=\"twitter:card\" content=\"summary_large_image\" \/>\n<script type=\"application\/ld+json\" class=\"yoast-schema-graph\">{\"@context\":\"https:\\\/\\\/schema.org\",\"@graph\":[{\"@type\":\"WebPage\",\"@id\":\"https:\\\/\\\/www.ortovins.com\\\/es\\\/producto\\\/les-pujoles\\\/\",\"url\":\"https:\\\/\\\/www.ortovins.com\\\/es\\\/producto\\\/les-pujoles\\\/\",\"name\":\"Les Pujoles - Orto Vins\",\"isPartOf\":{\"@id\":\"https:\\\/\\\/www.ortovins.com\\\/es\\\/#website\"},\"primaryImageOfPage\":{\"@id\":\"https:\\\/\\\/www.ortovins.com\\\/es\\\/producto\\\/les-pujoles\\\/#primaryimage\"},\"image\":{\"@id\":\"https:\\\/\\\/www.ortovins.com\\\/es\\\/producto\\\/les-pujoles\\\/#primaryimage\"},\"thumbnailUrl\":\"https:\\\/\\\/www.ortovins.com\\\/wp-content\\\/uploads\\\/2018\\\/07\\\/Les-Pujoles-Baixa-sense-fons.png\",\"datePublished\":\"2020-04-29T12:53:33+00:00\",\"dateModified\":\"2026-04-14T05:05:40+00:00\",\"breadcrumb\":{\"@id\":\"https:\\\/\\\/www.ortovins.com\\\/es\\\/producto\\\/les-pujoles\\\/#breadcrumb\"},\"inLanguage\":\"es\",\"potentialAction\":[{\"@type\":\"ReadAction\",\"target\":[\"https:\\\/\\\/www.ortovins.com\\\/es\\\/producto\\\/les-pujoles\\\/\"]}]},{\"@type\":\"ImageObject\",\"inLanguage\":\"es\",\"@id\":\"https:\\\/\\\/www.ortovins.com\\\/es\\\/producto\\\/les-pujoles\\\/#primaryimage\",\"url\":\"https:\\\/\\\/www.ortovins.com\\\/wp-content\\\/uploads\\\/2018\\\/07\\\/Les-Pujoles-Baixa-sense-fons.png\",\"contentUrl\":\"https:\\\/\\\/www.ortovins.com\\\/wp-content\\\/uploads\\\/2018\\\/07\\\/Les-Pujoles-Baixa-sense-fons.png\",\"width\":600,\"height\":2156},{\"@type\":\"BreadcrumbList\",\"@id\":\"https:\\\/\\\/www.ortovins.com\\\/es\\\/producto\\\/les-pujoles\\\/#breadcrumb\",\"itemListElement\":[{\"@type\":\"ListItem\",\"position\":1,\"name\":\"Inici\",\"item\":\"https:\\\/\\\/www.ortovins.com\\\/es\\\/inicio\\\/\"},{\"@type\":\"ListItem\",\"position\":2,\"name\":\"Tienda online\",\"item\":\"https:\\\/\\\/www.ortovins.com\\\/es\\\/tienda-online\\\/\"},{\"@type\":\"ListItem\",\"position\":3,\"name\":\"Les Pujoles\"}]},{\"@type\":\"WebSite\",\"@id\":\"https:\\\/\\\/www.ortovins.com\\\/es\\\/#website\",\"url\":\"https:\\\/\\\/www.ortovins.com\\\/es\\\/\",\"name\":\"Orto Vins\",\"description\":\"Un lligam sincer amb la vinya i el vi\",\"publisher\":{\"@id\":\"https:\\\/\\\/www.ortovins.com\\\/es\\\/#organization\"},\"potentialAction\":[{\"@type\":\"SearchAction\",\"target\":{\"@type\":\"EntryPoint\",\"urlTemplate\":\"https:\\\/\\\/www.ortovins.com\\\/es\\\/?s={search_term_string}\"},\"query-input\":{\"@type\":\"PropertyValueSpecification\",\"valueRequired\":true,\"valueName\":\"search_term_string\"}}],\"inLanguage\":\"es\"},{\"@type\":\"Organization\",\"@id\":\"https:\\\/\\\/www.ortovins.com\\\/es\\\/#organization\",\"name\":\"Orto Vins\",\"url\":\"https:\\\/\\\/www.ortovins.com\\\/es\\\/\",\"logo\":{\"@type\":\"ImageObject\",\"inLanguage\":\"es\",\"@id\":\"https:\\\/\\\/www.ortovins.com\\\/es\\\/#\\\/schema\\\/logo\\\/image\\\/\",\"url\":\"https:\\\/\\\/www.ortovins.com\\\/wp-content\\\/uploads\\\/2018\\\/07\\\/logo-orto-black.png\",\"contentUrl\":\"https:\\\/\\\/www.ortovins.com\\\/wp-content\\\/uploads\\\/2018\\\/07\\\/logo-orto-black.png\",\"width\":1056,\"height\":194,\"caption\":\"Orto Vins\"},\"image\":{\"@id\":\"https:\\\/\\\/www.ortovins.com\\\/es\\\/#\\\/schema\\\/logo\\\/image\\\/\"}}]}<\/script>\n<!-- \/ Yoast SEO plugin. -->","yoast_head_json":{"title":"Les Pujoles - Orto Vins","robots":{"index":"index","follow":"follow","max-snippet":"max-snippet:-1","max-image-preview":"max-image-preview:large","max-video-preview":"max-video-preview:-1"},"canonical":"https:\/\/www.ortovins.com\/es\/producto\/les-pujoles\/","og_locale":"es_ES","og_type":"article","og_title":"Les Pujoles - Orto Vins","og_description":"Potencia. Variedades: 100% Tempranillo. Elaboraci\u00f3n: Fermentaci\u00f3n con levaduras propias de la finca en barricas de 500 l. 28 d\u00edas de maceraci\u00f3n. Posteriormente al prensado, el vino pasa a barricas viejas, donde har\u00e1 la malol\u00e1ctica y la crianza. Crianza: 12 meses en barricas de 225 de entre 5 y 12 anys.","og_url":"https:\/\/www.ortovins.com\/es\/producto\/les-pujoles\/","og_site_name":"Orto Vins","article_modified_time":"2026-04-14T05:05:40+00:00","og_image":[{"width":600,"height":2156,"url":"https:\/\/www.ortovins.com\/wp-content\/uploads\/2018\/07\/Les-Pujoles-Baixa-sense-fons.png","type":"image\/png"}],"twitter_card":"summary_large_image","schema":{"@context":"https:\/\/schema.org","@graph":[{"@type":"WebPage","@id":"https:\/\/www.ortovins.com\/es\/producto\/les-pujoles\/","url":"https:\/\/www.ortovins.com\/es\/producto\/les-pujoles\/","name":"Les Pujoles - Orto Vins","isPartOf":{"@id":"https:\/\/www.ortovins.com\/es\/#website"},"primaryImageOfPage":{"@id":"https:\/\/www.ortovins.com\/es\/producto\/les-pujoles\/#primaryimage"},"image":{"@id":"https:\/\/www.ortovins.com\/es\/producto\/les-pujoles\/#primaryimage"},"thumbnailUrl":"https:\/\/www.ortovins.com\/wp-content\/uploads\/2018\/07\/Les-Pujoles-Baixa-sense-fons.png","datePublished":"2020-04-29T12:53:33+00:00","dateModified":"2026-04-14T05:05:40+00:00","breadcrumb":{"@id":"https:\/\/www.ortovins.com\/es\/producto\/les-pujoles\/#breadcrumb"},"inLanguage":"es","potentialAction":[{"@type":"ReadAction","target":["https:\/\/www.ortovins.com\/es\/producto\/les-pujoles\/"]}]},{"@type":"ImageObject","inLanguage":"es","@id":"https:\/\/www.ortovins.com\/es\/producto\/les-pujoles\/#primaryimage","url":"https:\/\/www.ortovins.com\/wp-content\/uploads\/2018\/07\/Les-Pujoles-Baixa-sense-fons.png","contentUrl":"https:\/\/www.ortovins.com\/wp-content\/uploads\/2018\/07\/Les-Pujoles-Baixa-sense-fons.png","width":600,"height":2156},{"@type":"BreadcrumbList","@id":"https:\/\/www.ortovins.com\/es\/producto\/les-pujoles\/#breadcrumb","itemListElement":[{"@type":"ListItem","position":1,"name":"Inici","item":"https:\/\/www.ortovins.com\/es\/inicio\/"},{"@type":"ListItem","position":2,"name":"Tienda online","item":"https:\/\/www.ortovins.com\/es\/tienda-online\/"},{"@type":"ListItem","position":3,"name":"Les Pujoles"}]},{"@type":"WebSite","@id":"https:\/\/www.ortovins.com\/es\/#website","url":"https:\/\/www.ortovins.com\/es\/","name":"Orto Vins","description":"Un lligam sincer amb la vinya i el vi","publisher":{"@id":"https:\/\/www.ortovins.com\/es\/#organization"},"potentialAction":[{"@type":"SearchAction","target":{"@type":"EntryPoint","urlTemplate":"https:\/\/www.ortovins.com\/es\/?s={search_term_string}"},"query-input":{"@type":"PropertyValueSpecification","valueRequired":true,"valueName":"search_term_string"}}],"inLanguage":"es"},{"@type":"Organization","@id":"https:\/\/www.ortovins.com\/es\/#organization","name":"Orto Vins","url":"https:\/\/www.ortovins.com\/es\/","logo":{"@type":"ImageObject","inLanguage":"es","@id":"https:\/\/www.ortovins.com\/es\/#\/schema\/logo\/image\/","url":"https:\/\/www.ortovins.com\/wp-content\/uploads\/2018\/07\/logo-orto-black.png","contentUrl":"https:\/\/www.ortovins.com\/wp-content\/uploads\/2018\/07\/logo-orto-black.png","width":1056,"height":194,"caption":"Orto Vins"},"image":{"@id":"https:\/\/www.ortovins.com\/es\/#\/schema\/logo\/image\/"}}]}},"_links":{"self":[{"href":"https:\/\/www.ortovins.com\/es\/wp-json\/wp\/v2\/product\/1661","targetHints":{"allow":["GET"]}}],"collection":[{"href":"https:\/\/www.ortovins.com\/es\/wp-json\/wp\/v2\/product"}],"about":[{"href":"https:\/\/www.ortovins.com\/es\/wp-json\/wp\/v2\/types\/product"}],"replies":[{"embeddable":true,"href":"https:\/\/www.ortovins.com\/es\/wp-json\/wp\/v2\/comments?post=1661"}],"wp:featuredmedia":[{"embeddable":true,"href":"https:\/\/www.ortovins.com\/es\/wp-json\/wp\/v2\/media\/666"}],"wp:attachment":[{"href":"https:\/\/www.ortovins.com\/es\/wp-json\/wp\/v2\/media?parent=1661"}],"wp:term":[{"taxonomy":"product_brand","embeddable":true,"href":"https:\/\/www.ortovins.com\/es\/wp-json\/wp\/v2\/product_brand?post=1661"},{"taxonomy":"product_cat","embeddable":true,"href":"https:\/\/www.ortovins.com\/es\/wp-json\/wp\/v2\/product_cat?post=1661"},{"taxonomy":"product_tag","embeddable":true,"href":"https:\/\/www.ortovins.com\/es\/wp-json\/wp\/v2\/product_tag?post=1661"}],"curies":[{"name":"wp","href":"https:\/\/api.w.org\/{rel}","templated":true}]}}